{"id":98,"date":"2017-03-08T07:03:29","date_gmt":"2017-03-08T07:03:29","guid":{"rendered":"https:\/\/vipi.de\/?page_id=98"},"modified":"2025-10-30T10:20:22","modified_gmt":"2025-10-30T10:20:22","slug":"ueber-uns","status":"publish","type":"page","link":"https:\/\/vipi.de\/en\/ueber-uns\/","title":{"rendered":"About us"},"content":{"rendered":"<p style=\"font-family: broadway;\"><span style=\"color: #ff0000;\">VIP<\/span><span style=\"font-family: georgia,palatino,serif;\">-Real estate since 1986<\/span><\/p>\n<p>Wir bieten einzigartige Immobilien wie, H\u00e4user, Villen, Grundst\u00fccke sowie Wohnungen in ausgesuchten Lagen. Das besondere Credo ist der vertraute Umgang mit Ihrem Verm\u00f6gen.<\/p>\n<p>Eine besondere Spezialisierung ist die <a href=\"https:\/\/www.e1-holding.com\/de\/immobilien-moers-top-immobilien-kaufen-mieten-oder-verkaufen\/\">Vermarktung von Immobilien im Off-Market Bereich<\/a>. Es handelt sich hier um Mehrfamilienh\u00e4user, Hotels, B\u00fcroh\u00e4user, gewerbliche Anlageimmobilien, hochwertige Luxusimmobilien und spezielle Grundst\u00fccke. Die Vermarktung erfolgt f\u00fcr die Eigent\u00fcmer und Interessenten komplett offline und wird nicht in den bekannten Portalen inseriert.<\/p>\n<p>By specializing and concentrating on sought-after residential locations and areas, we have a loyal customer base and are pleased to be able to constantly expand it.<\/p>\n<p>Gerne pr\u00e4sentieren wir Ihnen unser umfassendes Dienstleistungsangebot und informieren Sie \u00fcber die st\u00e4ndig wechselnde und lebhafte Marktsituation in einem pers\u00f6nlichen Gespr\u00e4ch.<\/p>\n<p>Einen kleinen Auszug unserer Serviceleistungen finden Sie in dem jeweiligen Men\u00fc Verkaufen oder Kaufen<\/p>\n<p>Sch\u00e4tzen auch Sie uns als kompetenten und engagierten <a href=\"https:\/\/www.e1-holding.com\/de\/\">Partner<\/a> rund um das Thema Immobilien. Wir freuen uns auf Ihren Anruf oder eine Nachricht.<\/p>","protected":false},"excerpt":{"rendered":"<p>VIP-Immobilien seit 1986 Wir bieten einzigartige Immobilien wie, H\u00e4user, Villen, Grundst\u00fccke sowie Wohnungen in ausgesuchten Lagen. Das besondere Credo ist der vertraute Umgang mit Ihrem Verm\u00f6gen. Eine besondere Spezialisierung ist die Vermarktung von Immobilien im Off-Market Bereich. Es handelt sich hier um Mehrfamilienh\u00e4user, Hotels, B\u00fcroh\u00e4user, gewerbliche Anlageimmobilien, hochwertige Luxusimmobilien und spezielle Grundst\u00fccke. Die Vermarktung erfolgt <a href=\"https:\/\/vipi.de\/en\/ueber-uns\/\" rel=\"nofollow\"><span class=\"sr-only\">Read more about \u00dcber uns<\/span>[&hellip;]<\/a><\/p>","protected":false},"author":1,"featured_media":0,"parent":0,"menu_order":0,"comment_status":"closed","ping_status":"closed","template":"","meta":{"footnotes":""},"class_list":["post-98","page","type-page","status-publish","hentry"],"_links":{"self":[{"href":"https:\/\/vipi.de\/en\/wp-json\/wp\/v2\/pages\/98","targetHints":{"allow":["GET"]}}],"collection":[{"href":"https:\/\/vipi.de\/en\/wp-json\/wp\/v2\/pages"}],"about":[{"href":"https:\/\/vipi.de\/en\/wp-json\/wp\/v2\/types\/page"}],"author":[{"embeddable":true,"href":"https:\/\/vipi.de\/en\/wp-json\/wp\/v2\/users\/1"}],"replies":[{"embeddable":true,"href":"https:\/\/vipi.de\/en\/wp-json\/wp\/v2\/comments?post=98"}],"version-history":[{"count":15,"href":"https:\/\/vipi.de\/en\/wp-json\/wp\/v2\/pages\/98\/revisions"}],"predecessor-version":[{"id":831,"href":"https:\/\/vipi.de\/en\/wp-json\/wp\/v2\/pages\/98\/revisions\/831"}],"wp:attachment":[{"href":"https:\/\/vipi.de\/en\/wp-json\/wp\/v2\/media?parent=98"}],"curies":[{"name":"wp","href":"https:\/\/api.w.org\/{rel}","templated":true}]}}