{"id":559,"date":"2017-09-11T15:52:38","date_gmt":"2017-09-11T15:52:38","guid":{"rendered":"https:\/\/vipi.de\/?page_id=559"},"modified":"2025-10-30T10:12:21","modified_gmt":"2025-10-30T10:12:21","slug":"leistungen","status":"publish","type":"page","link":"https:\/\/vipi.de\/en\/leistungen\/","title":{"rendered":"Services"},"content":{"rendered":"<p>Wir bieten einzigartige Immobilien wie, H\u00e4user, Villen, Grundst\u00fccke sowie Wohnungen in ausgesuchten Lagen.<\/p>\n<p>Eine besondere Spezialisierung ist die Vermarktung Immobilien im <a href=\"https:\/\/www.e1-holding.com\/pl\/immobilien-moers-top-immobilien-kaufen-mieten-oder-verkaufen\/\">Off-Market Bereich<\/a>. Es handelt sich hier um Mehrfamilienh\u00e4user, Hotels, B\u00fcroh\u00e4user, gewerbliche Anlageimmobilien &#8230;.<\/p>\n<p>By specializing and concentrating on sought-after residential locations and areas, we have a loyal customer base and are pleased to be able to constantly expand it.<\/p>\n<p>We would be happy to present our comprehensive range of services to you and inform you about the constantly changing and lively market situation in a personal meeting.<\/p>","protected":false},"excerpt":{"rendered":"<p>Wir bieten einzigartige Immobilien wie, H\u00e4user, Villen, Grundst\u00fccke sowie Wohnungen in ausgesuchten Lagen. Eine besondere Spezialisierung ist die Vermarktung Immobilien im Off-Market Bereich. Es handelt sich hier um Mehrfamilienh\u00e4user, Hotels, B\u00fcroh\u00e4user, gewerbliche Anlageimmobilien &#8230;. Durch die Spezialisierung und Konzentration auf begehrte Wohnlagen und Gebiete verf\u00fcgen wir \u00fcber einen treuen Kundenstamm und freuen uns, diesen st\u00e4ndig <a href=\"https:\/\/vipi.de\/en\/leistungen\/\" rel=\"nofollow\"><span class=\"sr-only\">Read more about Leistungen<\/span>[&hellip;]<\/a><\/p>","protected":false},"author":1,"featured_media":0,"parent":0,"menu_order":0,"comment_status":"closed","ping_status":"closed","template":"","meta":{"footnotes":""},"class_list":["post-559","page","type-page","status-publish","hentry"],"_links":{"self":[{"href":"https:\/\/vipi.de\/en\/wp-json\/wp\/v2\/pages\/559","targetHints":{"allow":["GET"]}}],"collection":[{"href":"https:\/\/vipi.de\/en\/wp-json\/wp\/v2\/pages"}],"about":[{"href":"https:\/\/vipi.de\/en\/wp-json\/wp\/v2\/types\/page"}],"author":[{"embeddable":true,"href":"https:\/\/vipi.de\/en\/wp-json\/wp\/v2\/users\/1"}],"replies":[{"embeddable":true,"href":"https:\/\/vipi.de\/en\/wp-json\/wp\/v2\/comments?post=559"}],"version-history":[{"count":3,"href":"https:\/\/vipi.de\/en\/wp-json\/wp\/v2\/pages\/559\/revisions"}],"predecessor-version":[{"id":822,"href":"https:\/\/vipi.de\/en\/wp-json\/wp\/v2\/pages\/559\/revisions\/822"}],"wp:attachment":[{"href":"https:\/\/vipi.de\/en\/wp-json\/wp\/v2\/media?parent=559"}],"curies":[{"name":"wp","href":"https:\/\/api.w.org\/{rel}","templated":true}]}}