{"id":5,"date":"2017-03-07T08:48:56","date_gmt":"2017-03-07T08:48:56","guid":{"rendered":"https:\/\/vipi.de\/?page_id=5"},"modified":"2021-01-16T10:31:10","modified_gmt":"2021-01-16T10:31:10","slug":"impressum","status":"publish","type":"page","link":"https:\/\/vipi.de\/en\/impressum\/","title":{"rendered":"Imprint"},"content":{"rendered":"<div>Rechtliche Hinweise:<\/div>\n<div>Die auf unseren Internetseiten enthaltenen Angaben beruhen auf Ausk\u00fcnften des Eigent\u00fcmers, f\u00fcr die unsererseits keine Gew\u00e4hrleistung \u00fcbernommen wird. Sie dienen ausschlie\u00dflich Informationszwecken. und sind nicht als Angebote oder Empfehlungen bestimmter Produkte und \/ oder Objekte zu verstehen. Die Vermittlungsprovision f\u00fcr den K\u00e4ufer ist bei dem jeweiligen Objekt ausgewiesen und versteht sich inklusive Mehrwertsteuer. Die Provision ist mit Zustandekommen des Vertrages f\u00e4llig und innerhalb von acht Tagen nach Rechnungserteilung zu zahlen. <span style=\"font-family: broadway;\"><span style=\"color: #ff0000;\">VIP<\/span><span style=\"font-family: georgia,palatino,serif;\">-Immobilien beh\u00e4lt sich das Recht vor, jederzeit \u00c4nderungen und \/ oder Erg\u00e4nzungen der bereitgestellten Informationen vorzunehmen. Auf solche \u00c4nderungen und \/ oder Erg\u00e4nzungen muss <span style=\"font-family: broadway;\"><span style=\"color: #ff0000;\">VIP<\/span><span style=\"font-family: georgia,palatino,serif;\">-Immobilien nicht ausdr\u00fccklich hinweisen.<\/span><\/span><\/span><\/span><\/div>\n<p>Verbraucherinformationen:<\/p>\n<div><strong>Online Schlichtung<\/strong> Nach geltendem Recht sind wir verpflichtet, die Verbraucher auf die Existenz der Europ\u00e4ischen Online-Streitbeilegungs-Plattform hinzuweisen, die f\u00fcr die Beilegung von Streitigkeiten genutzt werden kann, ohne dass ein Gericht eingeschaltet werden muss. F\u00fcr die Einrichtung der Plattform ist die Europ\u00e4ische Kommission zust\u00e4ndig. Sie finden die Europ\u00e4ische Online- Streitbeilegungs-Plattform hier: &lt;<a href=\"http:\/\/ec.europa.eu\/consumers\/odr\">http:\/\/ec.europa.eu\/consumers\/odr\/<\/a>&gt; Wir weisen allerdings darauf hin, dass wir grunds\u00e4tzlich nicht bereit sind, uns an Streitbeilegungsverfahren im Rahmen der Europ\u00e4ischen Online- Streitbeilegungs-Plattform zu beteiligen.<\/div>\n<p style=\"font-family: georgia,palatino,serif;\">Online-Streitbeilegung gem\u00e4\u00df Art. 14 Abs. 1 ODR-VO: Die Europ\u00e4ische Kommission stellt eine Plattform zur Online-Streitbeilegung (OS) bereit, die Sie hier finden:<br \/>\n<a href=\"http:\/\/ec.europa.eu\/consumers\/odr\">http:\/\/ec.europa.eu\/consumers\/odr<\/a><\/p>\n<p>Gesetzlich vorgeschriebene Angaben (\u00a7 6 Abs. 1 MdStV\/TDG)<br \/>\nWichtige Firmeninformationen<\/p>\n<p style=\"font-family: broadway;\"><span style=\"color: #ff0000;\">VIP<\/span><span style=\"font-family: georgia,palatino,serif;\">-Real estate<\/span><\/p>\n<p>Owner: Ingo Hampel<br \/>\nSchwarzer Weg 92<br \/>\n47447 Moers<\/p>\n<p>Phone: 02841-43060<br \/>\nFax: 02841-43090<br \/>\nMobile: 0163-4306666<\/p>\n<p>E-Mail: info@vipi.de<br \/>\nHomepage: www.vipi.de<\/p>\n<p>Im Handelsregister vom Amtsgericht Kleve unter HRA 2040 eingetragene Firma<br \/>\nAufsichtsbeh\u00f6rde: Gewerbe- und Ordnungsamt des Kreises Wesel<\/p>\n<p>Umsatzsteuer-Identnummer DE 169662717<br \/>\nVerantwortlicher f\u00fcr textliche Inhalte: Ingo Hampel<\/p>\n<p>Hinweis:<br \/>\nDie abgebildeten Darstellungen k\u00f6nnen von unserer Baubeschreibung abweichen. F\u00fcr Fehler, die sich trotz gewissenhafter Pr\u00fcfung eingeschlichen haben, kann keine Haftung \u00fcbernommen werden.<\/p>\n<p>Haftungsausschluss<\/p>\n<p>1. Inhalt des Onlineangebotes<br \/>\nDer Autor \u00fcbernimmt keinerlei Gew\u00e4hr f\u00fcr die Aktualit\u00e4t, Korrektheit, Vollst\u00e4ndigkeit oder Qualit\u00e4t der bereitgestellten Informationen. Haftungsanspr\u00fcche gegen den Autor, welche sich auf Sch\u00e4den materieller oder ideeller Art beziehen, die durch die Nutzung oder Nichtnutzung der dargebotenen Informationen bzw. durch die Nutzung fehlerhafter und unvollst\u00e4ndiger Informationen verursacht wurden, sind grunds\u00e4tzlich ausgeschlossen, sofern seitens des Autors kein nachweislich vors\u00e4tzliches oder grob fahrl\u00e4ssiges Verschulden vorliegt.<br \/>\nAlle Angebote sind freibleibend und unverbindlich. Der Autor beh\u00e4lt es sich ausdr\u00fccklich vor, Teile der Seiten oder das gesamte Angebot ohne gesonderte Ank\u00fcndigung zu ver\u00e4ndern, zu erg\u00e4nzen, zu l\u00f6schen oder die Ver\u00f6ffentlichung zeitweise oder endg\u00fcltig einzustellen.<\/p>\n<p>2. Verweise und Links<br \/>\nBei direkten oder indirekten Verweisen auf fremde Webseiten (\u201cHyperlinks\u201d), die au\u00dferhalb des Verantwortungsbereiches des Autors liegen, w\u00fcrde eine Haftungsverpflichtung ausschlie\u00dflich in dem Fall in Kraft treten, in dem der Autor von den Inhalten Kenntnis hat und es ihm technisch m\u00f6glich und zumutbar w\u00e4re, die Nutzung im Falle rechtswidriger Inhalte zu verhindern.<br \/>\nDer Autor erkl\u00e4rt hiermit ausdr\u00fccklich, dass zum Zeitpunkt der Linksetzung keine illegalen Inhalte auf den zu verlinkenden Seiten erkennbar waren. Auf die aktuelle und zuk\u00fcnftige Gestaltung, die Inhalte oder die Urheberschaft der verlinkten\/verkn\u00fcpften Seiten hat der Autor keinerlei Einfluss. Deshalb distanziert er sich hiermit ausdr\u00fccklich von allen Inhalten aller verlinkten \/verkn\u00fcpften Seiten, die nach der Linksetzung ver\u00e4ndert wurden. Diese Feststellung gilt f\u00fcr alle innerhalb des eigenen Internetangebotes gesetzten Links und Verweise sowie f\u00fcr Fremdeintr\u00e4ge in vom Autor eingerichteten G\u00e4steb\u00fcchern, Diskussionsforen, Linkverzeichnissen, Mailinglisten und in allen anderen Formen von Datenbanken, auf deren Inhalt externe Schreibzugriffe m\u00f6glich sind. F\u00fcr illegale, fehlerhafte oder unvollst\u00e4ndige Inhalte und insbesondere f\u00fcr Sch\u00e4den, die aus der Nutzung oder Nichtnutzung solcherart dargebotener Informationen entstehen, haftet allein der Anbieter der Seite, auf welche verwiesen wurde, nicht derjenige, der \u00fcber Links auf die jeweilige Ver\u00f6ffentlichung lediglich verweist.<\/p>\n<p>3. Urheber- und Kennzeichenrecht<br \/>\nDer Autor ist bestrebt, in allen Publikationen die Urheberrechte der verwendeten Bilder, Grafiken, Tondokumente, Videosequenzen und Texte zu beachten, von ihm selbst erstellte Bilder, Grafiken, Tondokumente, Videosequenzen und Texte zu nutzen oder auf lizenzfreie Grafiken, Tondokumente, Videosequenzen und Texte zur\u00fcckzugreifen.<br \/>\nAlle innerhalb des Internetangebotes genannten und ggf. durch Dritte gesch\u00fctzten Marken- und Warenzeichen unterliegen uneingeschr\u00e4nkt den Bestimmungen des jeweils g\u00fcltigen Kennzeichenrechts und den Besitzrechten der jeweiligen eingetragenen Eigent\u00fcmer. Allein aufgrund der blo\u00dfen Nennung ist nicht der Schluss zu ziehen, dass Markenzeichen nicht durch Rechte Dritter gesch\u00fctzt sind!<br \/>\nDas Copyright f\u00fcr ver\u00f6ffentlichte, vom Autor selbst erstellte Objekte bleibt allein beim Autor der Seiten. Eine Vervielf\u00e4ltigung oder Verwendung solcher Grafiken, Tondokumente, Videosequenzen und Texte in anderen elektronischen oder gedruckten Publikationen ist ohne ausdr\u00fcckliche Zustimmung des Autors nicht gestattet.<\/p>\n<p>4. Datenschutz<br \/>\nSofern innerhalb des Internetangebotes die M\u00f6glichkeit zur Eingabe pers\u00f6nlicher oder gesch\u00e4ftlicher Daten (Emailadressen, Namen, Anschriften) besteht, so erfolgt die Preisgabe dieser Daten seitens des Nutzers auf ausdr\u00fccklich freiwilliger Basis. Die Inanspruchnahme und Bezahlung aller angebotenen Dienste ist \u2013 soweit technisch m\u00f6glich und zumutbar \u2013 auch ohne Angabe solcher Daten bzw. unter Angabe anonymisierter Daten oder eines Pseudonyms gestattet. Die Nutzung der im Rahmen des Impressums oder vergleichbarer Angaben ver\u00f6ffentlichten Kontaktdaten wie Postanschriften, Telefon- und Faxnummern sowie Emailadressen durch Dritte zur \u00dcbersendung von nicht ausdr\u00fccklich angeforderten Informationen ist nicht gestattet. Rechtliche Schritte gegen die Versender von sogenannten Spam-Mails bei Verst\u00f6ssen gegen dieses Verbot sind ausdr\u00fccklich vorbehalten.<\/p>\n<p>5. Rechtswirksamkeit dieses Haftungsausschlusses<br \/>\nDieser Haftungsausschluss ist als Teil des Internetangebotes zu betrachten, von dem aus auf diese Seite verwiesen wurde. Sofern Teile oder einzelne Formulierungen dieses Textes der geltenden Rechtslage nicht, nicht mehr oder nicht vollst\u00e4ndig entsprechen sollten, bleiben die \u00fcbrigen Teile des Dokumentes in ihrem Inhalt und ihrer G\u00fcltigkeit davon unber\u00fchrt.<\/p>","protected":false},"excerpt":{"rendered":"<p>Rechtliche Hinweise: Die auf unseren Internetseiten enthaltenen Angaben beruhen auf Ausk\u00fcnften des Eigent\u00fcmers, f\u00fcr die unsererseits keine Gew\u00e4hrleistung \u00fcbernommen wird. Sie dienen ausschlie\u00dflich Informationszwecken. und sind nicht als Angebote oder Empfehlungen bestimmter Produkte und \/ oder Objekte zu verstehen. Die Vermittlungsprovision f\u00fcr den K\u00e4ufer ist bei dem jeweiligen Objekt ausgewiesen und versteht sich inklusive Mehrwertsteuer. <a href=\"https:\/\/vipi.de\/en\/impressum\/\" rel=\"nofollow\"><span class=\"sr-only\">Read more about Impressum<\/span>[&hellip;]<\/a><\/p>","protected":false},"author":1,"featured_media":0,"parent":0,"menu_order":0,"comment_status":"closed","ping_status":"closed","template":"","meta":{"footnotes":""},"class_list":["post-5","page","type-page","status-publish","hentry"],"_links":{"self":[{"href":"https:\/\/vipi.de\/en\/wp-json\/wp\/v2\/pages\/5","targetHints":{"allow":["GET"]}}],"collection":[{"href":"https:\/\/vipi.de\/en\/wp-json\/wp\/v2\/pages"}],"about":[{"href":"https:\/\/vipi.de\/en\/wp-json\/wp\/v2\/types\/page"}],"author":[{"embeddable":true,"href":"https:\/\/vipi.de\/en\/wp-json\/wp\/v2\/users\/1"}],"replies":[{"embeddable":true,"href":"https:\/\/vipi.de\/en\/wp-json\/wp\/v2\/comments?post=5"}],"version-history":[{"count":22,"href":"https:\/\/vipi.de\/en\/wp-json\/wp\/v2\/pages\/5\/revisions"}],"predecessor-version":[{"id":726,"href":"https:\/\/vipi.de\/en\/wp-json\/wp\/v2\/pages\/5\/revisions\/726"}],"wp:attachment":[{"href":"https:\/\/vipi.de\/en\/wp-json\/wp\/v2\/media?parent=5"}],"curies":[{"name":"wp","href":"https:\/\/api.w.org\/{rel}","templated":true}]}}