{"id":155,"date":"2017-03-14T15:12:26","date_gmt":"2017-03-14T15:12:26","guid":{"rendered":"https:\/\/vipi.de\/?page_id=155"},"modified":"2025-10-30T10:13:45","modified_gmt":"2025-10-30T10:13:45","slug":"eigenankauf","status":"publish","type":"page","link":"https:\/\/vipi.de\/en\/leistungen\/eigenankauf\/","title":{"rendered":"Own purchase"},"content":{"rendered":"<p>Es gibt im Leben immer wieder Sondersituationen wie Erbauseinandersetzungen, Familienkonflikte, finanzielle Engp\u00e4sse und Notlagen. F\u00fcr diese oder \u00e4hnliche Situationen wurden die privaten Kauf- bzw. <a href=\"https:\/\/www.e1-holding.com\/te\/immobilien-moers-top-immobilien-kaufen-mieten-oder-verkaufen\/\">Zwischenfinanzierungsm\u00f6glichkeiten<\/a> geschaffen.<\/p>\n<ul>\n<li>Einfamilienh\u00e4user (gerne auch renovierungsbed\u00fcrftig) nur im Umkreis von 50 Kilometern<\/li>\n<li>Mehrfamilienh\u00e4user zur langfristigen Bestandshaltung<\/li>\n<li>Grundst\u00fccke<\/li>\n<\/ul>","protected":false},"excerpt":{"rendered":"<p>Es gibt im Leben immer wieder Sondersituationen wie Erbauseinandersetzungen, Familienkonflikte, finanzielle Engp\u00e4sse und Notlagen. F\u00fcr diese oder \u00e4hnliche Situationen wurden die privaten Kauf- bzw. Zwischenfinanzierungsm\u00f6glichkeiten geschaffen. Einfamilienh\u00e4user (gerne auch renovierungsbed\u00fcrftig) nur im Umkreis von 50 Kilometern Mehrfamilienh\u00e4user zur langfristigen Bestandshaltung Grundst\u00fccke<\/p>","protected":false},"author":1,"featured_media":0,"parent":559,"menu_order":0,"comment_status":"closed","ping_status":"closed","template":"","meta":{"footnotes":""},"class_list":["post-155","page","type-page","status-publish","hentry"],"_links":{"self":[{"href":"https:\/\/vipi.de\/en\/wp-json\/wp\/v2\/pages\/155","targetHints":{"allow":["GET"]}}],"collection":[{"href":"https:\/\/vipi.de\/en\/wp-json\/wp\/v2\/pages"}],"about":[{"href":"https:\/\/vipi.de\/en\/wp-json\/wp\/v2\/types\/page"}],"author":[{"embeddable":true,"href":"https:\/\/vipi.de\/en\/wp-json\/wp\/v2\/users\/1"}],"replies":[{"embeddable":true,"href":"https:\/\/vipi.de\/en\/wp-json\/wp\/v2\/comments?post=155"}],"version-history":[{"count":6,"href":"https:\/\/vipi.de\/en\/wp-json\/wp\/v2\/pages\/155\/revisions"}],"predecessor-version":[{"id":823,"href":"https:\/\/vipi.de\/en\/wp-json\/wp\/v2\/pages\/155\/revisions\/823"}],"up":[{"embeddable":true,"href":"https:\/\/vipi.de\/en\/wp-json\/wp\/v2\/pages\/559"}],"wp:attachment":[{"href":"https:\/\/vipi.de\/en\/wp-json\/wp\/v2\/media?parent=155"}],"curies":[{"name":"wp","href":"https:\/\/api.w.org\/{rel}","templated":true}]}}