{"id":145,"date":"2017-03-09T13:50:49","date_gmt":"2017-03-09T13:50:49","guid":{"rendered":"https:\/\/vipi.de\/?page_id=145"},"modified":"2025-10-30T10:14:38","modified_gmt":"2025-10-30T10:14:38","slug":"kapitalanlagen","status":"publish","type":"page","link":"https:\/\/vipi.de\/en\/leistungen\/kapitalanlagen\/","title":{"rendered":"Investments"},"content":{"rendered":"<p class=\"x_MsoNormal\">Ganzheitliche Immobilienl\u00f6sungen:<\/p>\n<p style=\"font-family: broadway;\"><span style=\"color: #ff0000;\">VIP<\/span><span style=\"font-family: georgia,palatino,serif;\">-Immobilien bietet eine umfassende Betreuung w\u00e4hrend der Verkaufsabwicklung. Nach Optimierung der Mietvertr\u00e4ge und Erarbeitung eines Bewirtschaftungskonzepts bieten wir L\u00f6sungen f\u00fcr die Umsetzung der erfolgreichen <a href=\"https:\/\/www.e1-holding.com\/de\/immobilien-moers-top-immobilien-kaufen-mieten-oder-verkaufen\/\">Administration<\/a> an.<\/span><\/p>\n<p>Leerstandsfl\u00e4chen werden vermietet; Instandsetzungsma\u00dfnahmen abgestimmt, marktgerechte Analyse u.v.m.<\/p>\n<p>Die Mietertr\u00e4ge entscheiden letztlich den Preis. Hier sehen wir uns als Mentor der Interessen zwischen K\u00e4ufer und Verk\u00e4ufer.<\/p>\n<p class=\"x_MsoNormal\"><i>\u00a0<\/i><\/p>","protected":false},"excerpt":{"rendered":"<p>Ganzheitliche Immobilienl\u00f6sungen: VIP-Immobilien bietet eine umfassende Betreuung w\u00e4hrend der Verkaufsabwicklung. Nach Optimierung der Mietvertr\u00e4ge und Erarbeitung eines Bewirtschaftungskonzepts bieten wir L\u00f6sungen f\u00fcr die Umsetzung der erfolgreichen Verwaltung an. Leerstandsfl\u00e4chen werden vermietet; Instandsetzungsma\u00dfnahmen abgestimmt, marktgerechte Analyse u.v.m. Die Mietertr\u00e4ge entscheiden letztlich den Preis. Hier sehen wir uns als Mentor der Interessen zwischen K\u00e4ufer und Verk\u00e4ufer. \u00a0<\/p>","protected":false},"author":1,"featured_media":0,"parent":559,"menu_order":0,"comment_status":"closed","ping_status":"closed","template":"","meta":{"footnotes":""},"class_list":["post-145","page","type-page","status-publish","hentry"],"_links":{"self":[{"href":"https:\/\/vipi.de\/en\/wp-json\/wp\/v2\/pages\/145","targetHints":{"allow":["GET"]}}],"collection":[{"href":"https:\/\/vipi.de\/en\/wp-json\/wp\/v2\/pages"}],"about":[{"href":"https:\/\/vipi.de\/en\/wp-json\/wp\/v2\/types\/page"}],"author":[{"embeddable":true,"href":"https:\/\/vipi.de\/en\/wp-json\/wp\/v2\/users\/1"}],"replies":[{"embeddable":true,"href":"https:\/\/vipi.de\/en\/wp-json\/wp\/v2\/comments?post=145"}],"version-history":[{"count":5,"href":"https:\/\/vipi.de\/en\/wp-json\/wp\/v2\/pages\/145\/revisions"}],"predecessor-version":[{"id":824,"href":"https:\/\/vipi.de\/en\/wp-json\/wp\/v2\/pages\/145\/revisions\/824"}],"up":[{"embeddable":true,"href":"https:\/\/vipi.de\/en\/wp-json\/wp\/v2\/pages\/559"}],"wp:attachment":[{"href":"https:\/\/vipi.de\/en\/wp-json\/wp\/v2\/media?parent=145"}],"curies":[{"name":"wp","href":"https:\/\/api.w.org\/{rel}","templated":true}]}}