{"id":112,"date":"2017-03-08T07:18:47","date_gmt":"2017-03-08T07:18:47","guid":{"rendered":"https:\/\/vipi.de\/?page_id=112"},"modified":"2025-10-30T10:19:30","modified_gmt":"2025-10-30T10:19:30","slug":"verwaltung","status":"publish","type":"page","link":"https:\/\/vipi.de\/en\/leistungen\/verwaltung\/","title":{"rendered":"Administration"},"content":{"rendered":"<p>Als langj\u00e4hriger und <a href=\"https:\/\/www.e1-holding.com\/de\/immobilien-moers-top-immobilien-kaufen-mieten-oder-verkaufen\/\">erfahrener Makler<\/a> werden wir oft auf das Thema Verwaltung angesprochen.\u00a0 Diese Leistungen bieten wir in Kooperation mit entsprechenden Fachfirmen an, welche ebenfalls \u00fcber eine hohe Fachkompetenz verf\u00fcgen. Bestm\u00f6gliche Garantien und Leistungen von h\u00f6chster Qualit\u00e4t stehen hierbei im Vordergrund. Die individuelle Beratung der Eigent\u00fcmer schafft Vertrauen und einen sympathischen Umgang.<\/p>\n<p>Zur Aufnahme der Objektdaten erfolgt die Zugrundelegung\u00a0 gesetzlicher Ma\u00dfgaben. Aktualit\u00e4t der Mietvertr\u00e4ge und vereinbarten Mieth\u00f6hen, Stand der Betriebskostenabrechnungen und Unterhaltungszustand der Immobilie \u2013 all dies schafft die Grundlage f\u00fcr eine angemessene Bewirtschaftung Ihrer\u00a0 Immobilie. Versicherungsvertr\u00e4ge und Wartungsintervalle, Sanierungs- oder Instandsetzungsbedarf, Durchf\u00fchrung aktueller Vorschriften wie z. B. Installation von Rauchwarnmeldern, turnusm\u00e4\u00dfige Durchf\u00fchrung der Legionellen Pr\u00fcfung (Trinkwasserverordnung) usw. stellen einen Teil der technischen Verwaltungsleistung dar, an die wir hohe Ma\u00dfst\u00e4be setzen.<\/p>\n<p>Services bei Gemeinschaftseigentum<\/p>\n<ul>\n<li>Organisation Wohnungseigent\u00fcmer-Gemeinschaft<\/li>\n<li>Budgetaufstellung und -Abrechnung<\/li>\n<li>Organisation Renovierungsarbeiten<\/li>\n<li>Organisation Hausmeistert\u00e4tigkeiten<\/li>\n<\/ul>\n<p>Services bei Sondereigentum<\/p>\n<ul>\n<li>Vermietergemeinschaft (Mietpool)<\/li>\n<li>Nebenkostenabrechnung<\/li>\n<li>Controlling und Inkasso von Mieten und Nebenkosten<\/li>\n<li>Wohnungsabnahmen und -\u00fcbergaben<\/li>\n<li>Mietvertr\u00e4ge<\/li>\n<li>Anlage der Mietkaution<\/li>\n<li>Regelm\u00e4\u00dfige Begehungen<\/li>\n<li>Organisation von Umbau-, Sanierungs- und Instandsetzungsarbeiten<\/li>\n<li>Ergebnisfeststellung und Weiterleitung an das Finanzamt<\/li>\n<\/ul>\n<p><a href=\"mailto:ih@e1-holding.com\">Sprechen Sie uns an<\/a> \u2013 wir erstellen Ihnen gerne ein ganz auf Ihre individuellen Bed\u00fcrfnisse zugeschnittenes Angebot.<\/p>","protected":false},"excerpt":{"rendered":"<p>Als langj\u00e4hriger und erfahrener Makler werden wir oft auf das Thema Verwaltung angesprochen.\u00a0 Diese Leistungen bieten wir in Kooperation mit entsprechenden Fachfirmen an, welche ebenfalls \u00fcber eine hohe Fachkompetenz verf\u00fcgen. Bestm\u00f6gliche Garantien und Leistungen von h\u00f6chster Qualit\u00e4t stehen hierbei im Vordergrund. Die individuelle Beratung der Eigent\u00fcmer schafft Vertrauen und einen sympathischen Umgang. Zur Aufnahme der <a href=\"https:\/\/vipi.de\/en\/leistungen\/verwaltung\/\" rel=\"nofollow\"><span class=\"sr-only\">Read more about Verwaltung<\/span>[&hellip;]<\/a><\/p>","protected":false},"author":1,"featured_media":0,"parent":559,"menu_order":0,"comment_status":"closed","ping_status":"closed","template":"","meta":{"footnotes":""},"class_list":["post-112","page","type-page","status-publish","hentry"],"_links":{"self":[{"href":"https:\/\/vipi.de\/en\/wp-json\/wp\/v2\/pages\/112","targetHints":{"allow":["GET"]}}],"collection":[{"href":"https:\/\/vipi.de\/en\/wp-json\/wp\/v2\/pages"}],"about":[{"href":"https:\/\/vipi.de\/en\/wp-json\/wp\/v2\/types\/page"}],"author":[{"embeddable":true,"href":"https:\/\/vipi.de\/en\/wp-json\/wp\/v2\/users\/1"}],"replies":[{"embeddable":true,"href":"https:\/\/vipi.de\/en\/wp-json\/wp\/v2\/comments?post=112"}],"version-history":[{"count":5,"href":"https:\/\/vipi.de\/en\/wp-json\/wp\/v2\/pages\/112\/revisions"}],"predecessor-version":[{"id":830,"href":"https:\/\/vipi.de\/en\/wp-json\/wp\/v2\/pages\/112\/revisions\/830"}],"up":[{"embeddable":true,"href":"https:\/\/vipi.de\/en\/wp-json\/wp\/v2\/pages\/559"}],"wp:attachment":[{"href":"https:\/\/vipi.de\/en\/wp-json\/wp\/v2\/media?parent=112"}],"curies":[{"name":"wp","href":"https:\/\/api.w.org\/{rel}","templated":true}]}}