{"id":110,"date":"2017-03-08T07:17:30","date_gmt":"2017-03-08T07:17:30","guid":{"rendered":"https:\/\/vipi.de\/?page_id=110"},"modified":"2025-10-30T10:17:29","modified_gmt":"2025-10-30T10:17:29","slug":"besondere-immobilie","status":"publish","type":"page","link":"https:\/\/vipi.de\/en\/leistungen\/besondere-immobilie\/","title":{"rendered":"Off-market"},"content":{"rendered":"<p>Wir haben uns auch auf das sog.\u00a0 <a href=\"https:\/\/www.e1-holding.com\/de\/immobilien-moers-top-immobilien-kaufen-mieten-oder-verkaufen\/\">Off-Market Immobiliensegment<\/a> spezialisiert. Dabei bedienen wir verm\u00f6gende Privatk\u00e4ufer aus dem\u00a0 In- und Ausland, Family-Offices, Immobilieninvestoren, Fondsgesellschaften und institutionelle Anleger. Die\u00a0 Ankaufskriterien der jeweiligen Erwerber werden sorgf\u00e4ltig und vertrauensvoll abgestimmt und in die entsprechenden Angebotsverfahren \u00fcbernommen. Aktuell werden weltweit <strong>\u00fcber 10.000 Immobilieninvestoren<\/strong> mit <a href=\"http:\/\/e1-holding.com\/&#x1f3c6;-top-100-off-market-immobilien-deals-2025\/\">Off-Market Objekten<\/a> wie z.B. Mehrfamilienh\u00e4user, Wohnanlagen, Wohnwirtschaftliche Neubau-Projekte , Hotelimmobilien, Pflegeheime und Seniorenzentren, Fl\u00fcchtlingsunterk\u00fcnfte, B\u00fcroh\u00e4user, Parkh\u00e4user und Parkanlagen, Fachmarktzentren, Einkaufszentren, Krankenh\u00e4user und \u00c4rzteh\u00e4user, Industrieimmobilien, Logistikimmobilien, Baugrundst\u00fccke, Projektierte Gro\u00dfimmobilien und auch immer mehr bei Luxusimmobilien mit Diskretionsanspruch.<\/p>\n<p>Wenn auch Sie sich f\u00fcr attraktive Off-Market Immobilien interessieren, teilen Sie uns bitte Ihre Ankaufs bzw. Verkaufskriterien mit. Wir werden Sie bevorzugt nach Ihren individuellen Anspr\u00fcchen mit interessanten Immobilien bedienen k\u00f6nnen.<\/p>","protected":false},"excerpt":{"rendered":"<p>Wir haben uns auch auf das sog.\u00a0 Off-Market Immobiliensegment spezialisiert. Dabei bedienen wir verm\u00f6gende Privatk\u00e4ufer aus dem\u00a0 In- und Ausland, Family-Offices, Immobilieninvestoren, Fondsgesellschaften und institutionelle Anleger. Die\u00a0 Ankaufskriterien der jeweiligen Erwerber werden sorgf\u00e4ltig und vertrauensvoll abgestimmt und in die entsprechenden Angebotsverfahren \u00fcbernommen. Aktuell werden weltweit \u00fcber 10.000 Immobilieninvestoren mit Off-Market Objekten wie z.B. Mehrfamilienh\u00e4user, Wohnanlagen, <a href=\"https:\/\/vipi.de\/en\/leistungen\/besondere-immobilie\/\" rel=\"nofollow\"><span class=\"sr-only\">Read more about Off-Market<\/span>[&hellip;]<\/a><\/p>","protected":false},"author":1,"featured_media":0,"parent":559,"menu_order":0,"comment_status":"closed","ping_status":"closed","template":"","meta":{"footnotes":""},"class_list":["post-110","page","type-page","status-publish","hentry"],"_links":{"self":[{"href":"https:\/\/vipi.de\/en\/wp-json\/wp\/v2\/pages\/110","targetHints":{"allow":["GET"]}}],"collection":[{"href":"https:\/\/vipi.de\/en\/wp-json\/wp\/v2\/pages"}],"about":[{"href":"https:\/\/vipi.de\/en\/wp-json\/wp\/v2\/types\/page"}],"author":[{"embeddable":true,"href":"https:\/\/vipi.de\/en\/wp-json\/wp\/v2\/users\/1"}],"replies":[{"embeddable":true,"href":"https:\/\/vipi.de\/en\/wp-json\/wp\/v2\/comments?post=110"}],"version-history":[{"count":8,"href":"https:\/\/vipi.de\/en\/wp-json\/wp\/v2\/pages\/110\/revisions"}],"predecessor-version":[{"id":827,"href":"https:\/\/vipi.de\/en\/wp-json\/wp\/v2\/pages\/110\/revisions\/827"}],"up":[{"embeddable":true,"href":"https:\/\/vipi.de\/en\/wp-json\/wp\/v2\/pages\/559"}],"wp:attachment":[{"href":"https:\/\/vipi.de\/en\/wp-json\/wp\/v2\/media?parent=110"}],"curies":[{"name":"wp","href":"https:\/\/api.w.org\/{rel}","templated":true}]}}