{"id":108,"date":"2017-03-08T07:16:56","date_gmt":"2017-03-08T07:16:56","guid":{"rendered":"https:\/\/vipi.de\/?page_id=108"},"modified":"2025-10-30T10:15:30","modified_gmt":"2025-10-30T10:15:30","slug":"kauf","status":"publish","type":"page","link":"https:\/\/vipi.de\/en\/leistungen\/kauf\/","title":{"rendered":"Buy"},"content":{"rendered":"<p>Ihr Interesse ist geweckt? Wir freuen uns Sie kennenzulernen!<\/p>\n<p>Besichtigungen:<\/p>\n<ul>\n<li>Nat\u00fcrlich pr\u00e4sentieren wir Ihnen die richtigen Angebote nach ihren individuellen Vorstellungen. Daf\u00fcr nehmen wir uns auch gerne ganz viel Zeit. Danach erhalten Sie die wichtigsten und individuell zusammen gestellten Informationen.<\/li>\n<li>Pers\u00f6nlich f\u00fchren wir Sie durch die Wunschimmobilie und stehen vertrauensvoll f\u00fcr W\u00fcnsche und Fragen an Ihrer Seite.<\/li>\n<\/ul>\n<p>Beratung:<\/p>\n<ul>\n<li>Umbau n\u00f6tig? Umsetzung zeitgem\u00e4\u00dfer Standards, oder einfach nur einziehen?<\/li>\n<li>Wir stimmen die zeitlichen Abl\u00e4ufe mit Ihnen und den Verk\u00e4ufern sowie allen beteiligten Umbaupartnern ab und stehen gerne beratend zur Seite.<\/li>\n<\/ul>\n<p>Abwicklung:<\/p>\n<ul>\n<li>Das Objekt gef\u00e4llt \u2013 die Finanzierung passt.<\/li>\n<li>Wir helfen bei allen Vorg\u00e4ngen die zu einem erfolgreichen Abschluss des Kaufvertrages f\u00fchren.<\/li>\n<li>Auch nach Vertragsabschluss stehen wir Ihnen gerne weiter zur Verf\u00fcgung.<\/li>\n<\/ul>\n<p>Finanzierungsbegleitung\/-Empfehlung:<\/p>\n<ul>\n<li>Ein <a href=\"https:\/\/www.e1-holding.com\/de\/immobilien-makler-moers\/\">Zinsvergleich<\/a> lohnt immer, daher k\u00f6nnen wir Ihnen gerne langj\u00e4hrig erfahrene und kundenorientierte\u00a0 Profis empfehlen<\/li>\n<\/ul>","protected":false},"excerpt":{"rendered":"<p>Ihr Interesse ist geweckt? Wir freuen uns Sie kennenzulernen! Besichtigungen: Nat\u00fcrlich pr\u00e4sentieren wir Ihnen die richtigen Angebote nach ihren individuellen Vorstellungen. Daf\u00fcr nehmen wir uns auch gerne ganz viel Zeit. Danach erhalten Sie die wichtigsten und individuell zusammen gestellten Informationen. Pers\u00f6nlich f\u00fchren wir Sie durch die Wunschimmobilie und stehen vertrauensvoll f\u00fcr W\u00fcnsche und Fragen an <a href=\"https:\/\/vipi.de\/en\/leistungen\/kauf\/\" rel=\"nofollow\"><span class=\"sr-only\">Read more about Kaufen<\/span>[&hellip;]<\/a><\/p>","protected":false},"author":1,"featured_media":0,"parent":559,"menu_order":0,"comment_status":"closed","ping_status":"closed","template":"","meta":{"footnotes":""},"class_list":["post-108","page","type-page","status-publish","hentry"],"_links":{"self":[{"href":"https:\/\/vipi.de\/en\/wp-json\/wp\/v2\/pages\/108","targetHints":{"allow":["GET"]}}],"collection":[{"href":"https:\/\/vipi.de\/en\/wp-json\/wp\/v2\/pages"}],"about":[{"href":"https:\/\/vipi.de\/en\/wp-json\/wp\/v2\/types\/page"}],"author":[{"embeddable":true,"href":"https:\/\/vipi.de\/en\/wp-json\/wp\/v2\/users\/1"}],"replies":[{"embeddable":true,"href":"https:\/\/vipi.de\/en\/wp-json\/wp\/v2\/comments?post=108"}],"version-history":[{"count":9,"href":"https:\/\/vipi.de\/en\/wp-json\/wp\/v2\/pages\/108\/revisions"}],"predecessor-version":[{"id":825,"href":"https:\/\/vipi.de\/en\/wp-json\/wp\/v2\/pages\/108\/revisions\/825"}],"up":[{"embeddable":true,"href":"https:\/\/vipi.de\/en\/wp-json\/wp\/v2\/pages\/559"}],"wp:attachment":[{"href":"https:\/\/vipi.de\/en\/wp-json\/wp\/v2\/media?parent=108"}],"curies":[{"name":"wp","href":"https:\/\/api.w.org\/{rel}","templated":true}]}}