{"id":106,"date":"2017-03-08T07:14:10","date_gmt":"2017-03-08T07:14:10","guid":{"rendered":"https:\/\/vipi.de\/?page_id=106"},"modified":"2025-10-30T10:18:39","modified_gmt":"2025-10-30T10:18:39","slug":"verkauf","status":"publish","type":"page","link":"https:\/\/vipi.de\/en\/leistungen\/verkauf\/","title":{"rendered":"Sell"},"content":{"rendered":"<p>Ihr Interesse ist geweckt?! Wir freuen uns Sie kennenzulernen zu d\u00fcrfen!<\/p>\n<p>Pers\u00f6nlicher Erstkontakt:<\/p>\n<ul>\n<li>Wir nehmen uns viel Zeit f\u00fcr Sie. Eine erste Wertsch\u00e4tzung und Begutachtung Ihrer Immobilie bildet den Anfang unserer Zusammenarbeit. Die Beachtung Ihres individuellen Anspruchs steht dabei im Vordergrund. Dazu geh\u00f6rt auch die Beachtung von Diskretionsanspr\u00fcchen und einem neutralen Erscheinungsbild.<\/li>\n<\/ul>\n<p>Immobilienbewertung:<\/p>\n<ul>\n<li>Ihr Objekt \u201er\u00fccken wir gemeinsam ins rechte Licht&#8220;. Eine <a href=\"https:\/\/www.e1-holding.com\/de\/immobilien-moers-top-immobilien-kaufen-mieten-oder-verkaufen\/\">kostenlose Wertermittlung<\/a> geh\u00f6rt f\u00fcr uns zum guten Ton. Falls notwendig kann Ihre Immobilie auch kurzfristig f\u00fcr den Fototermin optisch aufgewertet werden (das sog. Homestaging). Weiterhin wird eine umfangreiche Vorbereitung erarbeitet, wobei kleine Versch\u00f6nerungen mit teilweise sehr wenig Aufwand einen gro\u00dfen Effekt bringen k\u00f6nnen.<\/li>\n<\/ul>\n<p>Pr\u00e4sentation Ihres Objekts:<\/p>\n<ul>\n<li>Ganz wichtig! Expos\u00e9 ist nicht gleich Expos\u00e9. Da k\u00f6nnten B\u00fccher dr\u00fcber geschrieben werden. Jede Immobilie ist etwas ganz Besonderes, Einzigartiges und Wertvolles.<\/li>\n<\/ul>\n<p>Reibungslose Abwicklung:<\/p>\n<ul>\n<li>Erstinformation an die bereits registrierten und passenden Interessenten vor Ver\u00f6ffentlichung in den jeweiligen Verkaufskan\u00e4len<\/li>\n<li>Vertrauensvolle Vorbereitung von Besichtigungen um den l\u00e4stigen Immobilentourismus zu unterbinden.<\/li>\n<\/ul>\n<p>Vorbereitung Notartermin:<\/p>\n<ul>\n<li>Nat\u00fcrlich stellen wir alle notwendigen Unterlagen und Besonderheiten f\u00fcr die Beurkundung beim Notar zusammen. Koordinierung aller ma\u00dfgeblichen Termine und Details f\u00fcr Sie mit allen beteiligten Instanzen.<\/li>\n<\/ul>\n<p>Vertragsabwicklung:<\/p>\n<ul>\n<li>Auch nach erfolgter Beurkundung k\u00f6nnen Sie auf unser Knowhow vertrauen und die gelebte Fachkompetenz jederzeit zur\u00fcckgreifen. Dazu geh\u00f6rt auch die Empfehlung von erfahrenen und teilweise sehr anspruchsvollem Handwerkerservice.<\/li>\n<\/ul>\n<p>Optimierungsans\u00e4tze:<\/p>\n<ul>\n<li><a href=\"https:\/\/www.e1-holding.com\/de\/immobilien-makler-moers\/\">Kooperation<\/a> mit Projektentwicklern f\u00fcr die Renovierung oder Sanierung<\/li>\n<li>Hervorragende Netzwerkverbindungen um auch Ihre Immobilie zielsicher zu vermitteln.<\/li>\n<li>Energieausweis erforderlich? \u2013 Nicht immer, aber auch hier beraten wir Sie umfassend und helfen bei der Erstellung<\/li>\n<li>Qualit\u00e4t zeichnet sich aus! Generationenwechsel oder \u00c4nderung der Lebensgewohnheiten \u2013 von unserer Erfahrung k\u00f6nnen auch Sie ein Leben lang profitieren.<\/li>\n<li>Stammkunde?!\u00a0 \u2013 Immer wieder gerne!<\/li>\n<\/ul>\n<p>Suchw\u00fcnsche:<\/p>\n<p>Einfamilienh\u00e4user, Villen, gro\u00dfz\u00fcgige Eigentumswohnungen, Mehrfamilienh\u00e4user, Wohnanlagen und Baugrundst\u00fccke.<\/p>\n<p>Off-Market Bereich: Wohnwirtschaftliche Neubau-Projekte , Hotelimmobilien, Pflegeheime und Seniorenzentren, Fl\u00fcchtlingsunterk\u00fcnfte, B\u00fcroh\u00e4user, Parkh\u00e4user und Parkanlagen, Fachmarktzentren, Einkaufszentren, Krankenh\u00e4user und \u00c4rzteh\u00e4user, Industrieimmobilien, Logistikimmobilien, , Projektierte Gro\u00dfimmobilien und auch immer mehr bei Luxusimmobilien mit Diskretionsanspruch.<\/p>\n<p>Einzelw\u00fcnsche von ca. 2.000 Privatkunden:<\/p>\n<ul>\n<li>Haus ab 100 qm Wohnfl\u00e4che KP bis 340.000 \u20ac<\/li>\n<li>2-Fam-Haus ab 140 qm Wohnfl\u00e4che KP bis 620.000 \u20ac<\/li>\n<li>Villa ab 200 qm Wohnfl\u00e4che KP bis 3.500.000 \u20ac<\/li>\n<li>Mehrfamilienh\u00e4user von 120.000 \u20ac bis 4.800.000 \u20ac<\/li>\n<li>Mehrfamilienh\u00e4user in Citylagen bis 50 Mio. \u20ac<\/li>\n<li>Grundst\u00fccke in allen Lagen, Gr\u00f6\u00dfen und Preisen<\/li>\n<\/ul>\n<p>Lagew\u00fcnsche Privatpersonen: <a href=\"https:\/\/www.e1-holding.com\/de\/immobilienmakler-moers-e1-investments-moers\/\">Moers<\/a>, Duisburg, M\u00fclheim, Essen, Krefeld, D\u00fcsseldorf, Niederrhein<br \/>\nLagew\u00fcnsche Baufirmen: NRW, Westdeutschland ( von 500 m\u00b2 bis 100.000 m\u00b2 )<\/p>\n<ul>\n<li>Miet- und Kaufobjektobjekte in guten Lagen (Bundesweite Dauersuche f\u00fcr Expertenteam)<\/li>\n<\/ul>\n<p>Diskrete Eilbearbeitung und Bewertung sowie Sofortkontakt zum Kunden<\/p>","protected":false},"excerpt":{"rendered":"<p>Ihr Interesse ist geweckt?! Wir freuen uns Sie kennenzulernen zu d\u00fcrfen! Pers\u00f6nlicher Erstkontakt: Wir nehmen uns viel Zeit f\u00fcr Sie. Eine erste Wertsch\u00e4tzung und Begutachtung Ihrer Immobilie bildet den Anfang unserer Zusammenarbeit. Die Beachtung Ihres individuellen Anspruchs steht dabei im Vordergrund. Dazu geh\u00f6rt auch die Beachtung von Diskretionsanspr\u00fcchen und einem neutralen Erscheinungsbild. Immobilienbewertung: Ihr Objekt <a href=\"https:\/\/vipi.de\/en\/leistungen\/verkauf\/\" rel=\"nofollow\"><span class=\"sr-only\">Read more about Verkaufen<\/span>[&hellip;]<\/a><\/p>","protected":false},"author":1,"featured_media":0,"parent":559,"menu_order":0,"comment_status":"closed","ping_status":"closed","template":"","meta":{"footnotes":""},"class_list":["post-106","page","type-page","status-publish","hentry"],"_links":{"self":[{"href":"https:\/\/vipi.de\/en\/wp-json\/wp\/v2\/pages\/106","targetHints":{"allow":["GET"]}}],"collection":[{"href":"https:\/\/vipi.de\/en\/wp-json\/wp\/v2\/pages"}],"about":[{"href":"https:\/\/vipi.de\/en\/wp-json\/wp\/v2\/types\/page"}],"author":[{"embeddable":true,"href":"https:\/\/vipi.de\/en\/wp-json\/wp\/v2\/users\/1"}],"replies":[{"embeddable":true,"href":"https:\/\/vipi.de\/en\/wp-json\/wp\/v2\/comments?post=106"}],"version-history":[{"count":13,"href":"https:\/\/vipi.de\/en\/wp-json\/wp\/v2\/pages\/106\/revisions"}],"predecessor-version":[{"id":829,"href":"https:\/\/vipi.de\/en\/wp-json\/wp\/v2\/pages\/106\/revisions\/829"}],"up":[{"embeddable":true,"href":"https:\/\/vipi.de\/en\/wp-json\/wp\/v2\/pages\/559"}],"wp:attachment":[{"href":"https:\/\/vipi.de\/en\/wp-json\/wp\/v2\/media?parent=106"}],"curies":[{"name":"wp","href":"https:\/\/api.w.org\/{rel}","templated":true}]}}